{"id":95,"date":"2024-09-04T10:30:49","date_gmt":"2024-09-04T10:30:49","guid":{"rendered":"http:\/\/capagastro2025.org\/?page_id=95"},"modified":"2024-09-04T10:30:49","modified_gmt":"2024-09-04T10:30:49","slug":"genel-bilgiler","status":"publish","type":"page","link":"https:\/\/capagastro2025.org\/en\/genel-bilgiler\/","title":{"rendered":"Genel Bilgiler"},"content":{"rendered":"<p>[et_pb_section fb_built=&#8221;1&#8243; fullwidth=&#8221;on&#8221; _builder_version=&#8221;4.17.4&#8243; _module_preset=&#8221;default&#8221; global_colors_info=&#8221;{}&#8221;][et_pb_fullwidth_post_title meta=&#8221;off&#8221; featured_image=&#8221;off&#8221; _builder_version=&#8221;4.17.4&#8243; _module_preset=&#8221;default&#8221; title_font=&#8221;|700||on|||||&#8221; title_text_color=&#8221;#FFFFFF&#8221; background_color=&#8221;#da0b16&#8243; custom_padding=&#8221;150px||20px||false|false&#8221; global_colors_info=&#8221;{}&#8221;][\/et_pb_fullwidth_post_title][\/et_pb_section][et_pb_section fb_built=&#8221;1&#8243; _builder_version=&#8221;4.17.4&#8243; _module_preset=&#8221;default&#8221; custom_padding=&#8221;||||false|false&#8221; hover_enabled=&#8221;0&#8243; global_colors_info=&#8221;{}&#8221; sticky_enabled=&#8221;0&#8243;][et_pb_row _builder_version=&#8221;4.17.4&#8243; _module_preset=&#8221;default&#8221; global_colors_info=&#8221;{}&#8221;][et_pb_column type=&#8221;4_4&#8243; _builder_version=&#8221;4.17.4&#8243; _module_preset=&#8221;default&#8221; global_colors_info=&#8221;{}&#8221;][et_pb_text _builder_version=&#8221;4.17.4&#8243; _module_preset=&#8221;default&#8221; global_colors_info=&#8221;{}&#8221;]<\/p>\n<p style=\"text-align: justify;\">Sevgili Meslekta\u015flar\u0131m;<\/p>\n<p style=\"text-align: justify;\">Y\u0131llar \u00e7ok h\u0131zl\u0131 ge\u00e7iyor, \u00c7apa Gastroenterohepatoloji G\u00fcnlerinin 24. s\u00fcn\u00fc ger\u00e7ekle\u015ftirmek \u00fczere 17-19 Nisan 2025 tarihlerinde sizlerle birlikte olaca\u011f\u0131z. Ger\u00e7ekten k\u00f6kl\u00fc, gelenekselle\u015fmi\u015f ve lider bir toplant\u0131y\u0131z\u2026Gastroenteroloji bildi\u011finiz gibi hasta hinterland\u0131 en geni\u015f bilim alanlar\u0131ndan biridir, polikliniklere ba\u015fvuran hastalar\u0131n yakla\u015f\u0131k %40\u2019\u0131 gastrointestinal ve hepatobiliyer sorunlara sahiptir. Ayn\u0131 zamanda \u00e7ok da dinamiktir, tan\u0131 ve tedaviyle ilgili t\u0131bbi geli\u015fmeler \u00e7ok yo\u011fundur. Biz bilim dal\u0131 olarak bu toplant\u0131larda 1 y\u0131l i\u00e7inde ya\u015fanan ilerlemeleri sizlerle payla\u015farak bilgilerinizi g\u00fcncelleriz. En \u00f6nemlisi bu ilerlemeleri mensubu oldu\u011fumuz \u0130stanbul T\u0131p Fak\u00fcltesi ekol\u00fcn\u00fcn yorumlar\u0131n\u0131 ve tecr\u00fcbelerini de katarak aktar\u0131r\u0131z. Dolay\u0131s\u0131yla kat\u0131l\u0131mc\u0131lar bilgilerin en de\u011ferlisi olan tecr\u00fcbe aktar\u0131m\u0131na kavu\u015furlar.<\/p>\n<p style=\"text-align: justify;\">Bu y\u0131l da ileri endoskopik tekniklerin yer alaca\u011f\u0131 canl\u0131 endoskopi sunumlar\u0131yla ba\u015flayacak olan oturumlarda cerrahi, radyoloji ve patolojiden tecr\u00fcbeli hocalar\u0131n da zenginle\u015ftirece\u011fi konu\u015fmalar ger\u00e7ekle\u015ftirilecek. \u0130nflamatuvar barsak hastal\u0131klar\u0131, viral hepatitler ve otoimm\u00fcn karaci\u011fer hastal\u0131klar\u0131 gibi s\u0131cak konular vaka takdimleri ile de adeta s\u00fcslenerek tart\u0131\u015f\u0131lacak. Ba\u015fta gastroenteroloji ve i\u00e7 hastal\u0131klar\u0131 uzmanlar\u0131 olmak \u00fczere aile hekimli\u011fi, genel cerrahi ve infeksiyon hastal\u0131klar\u0131 bu toplant\u0131larda kendileri i\u00e7in \u00e7ok \u015fey bulacak disiplinlerdir.<\/p>\n<p style=\"text-align: justify;\">Bilim Dal\u0131 olarak \u00c7apa Gastroenterohepatoloji G\u00fcnlerinde sizlerle birlikte olmaktan b\u00fcy\u00fck keyif al\u0131yoruz. Sizleri keyifli ve ger\u00e7ek bir g\u00fcncelleme toplant\u0131s\u0131 olan bu kongrenin y\u00fczlerce m\u00fcdavimleri aras\u0131na kat\u0131lmaya \u00e7a\u011f\u0131r\u0131yoruz.<\/p>\n<p style=\"text-align: justify;\">Sayg\u0131lar\u0131m\u0131zla\u2026<\/p>\n<p style=\"text-align: justify;\">Prof. Dr. Sabahattin Kaymako\u011flu<\/p>\n<p style=\"text-align: justify;\">\u0130stanbul T\u0131p Fak\u00fcltesi, Gastroenterohepatoloji BD.<\/p>\n<p>[\/et_pb_text][\/et_pb_column][\/et_pb_row][\/et_pb_section]<\/p>\n","protected":false},"excerpt":{"rendered":"<p>Sevgili Meslekta\u015flar\u0131m; Y\u0131llar \u00e7ok h\u0131zl\u0131 ge\u00e7iyor, \u00c7apa Gastroenterohepatoloji G\u00fcnlerinin 24. s\u00fcn\u00fc ger\u00e7ekle\u015ftirmek \u00fczere 17-19 Nisan 2025 tarihlerinde sizlerle birlikte olaca\u011f\u0131z. Ger\u00e7ekten k\u00f6kl\u00fc, gelenekselle\u015fmi\u015f ve lider bir toplant\u0131y\u0131z\u2026Gastroenteroloji bildi\u011finiz gibi hasta hinterland\u0131 en geni\u015f bilim alanlar\u0131ndan biridir, polikliniklere ba\u015fvuran hastalar\u0131n yakla\u015f\u0131k %40\u2019\u0131 gastrointestinal ve hepatobiliyer sorunlara sahiptir. Ayn\u0131 zamanda \u00e7ok da dinamiktir, tan\u0131 ve tedaviyle ilgili [&hellip;]<\/p>\n","protected":false},"author":1,"featured_media":0,"parent":0,"menu_order":0,"comment_status":"closed","ping_status":"closed","template":"","meta":{"_et_pb_use_builder":"on","_et_pb_old_content":"","_et_gb_content_width":"","footnotes":""},"class_list":["post-95","page","type-page","status-publish","hentry"],"_links":{"self":[{"href":"https:\/\/capagastro2025.org\/en\/wp-json\/wp\/v2\/pages\/95","targetHints":{"allow":["GET"]}}],"collection":[{"href":"https:\/\/capagastro2025.org\/en\/wp-json\/wp\/v2\/pages"}],"about":[{"href":"https:\/\/capagastro2025.org\/en\/wp-json\/wp\/v2\/types\/page"}],"author":[{"embeddable":true,"href":"https:\/\/capagastro2025.org\/en\/wp-json\/wp\/v2\/users\/1"}],"replies":[{"embeddable":true,"href":"https:\/\/capagastro2025.org\/en\/wp-json\/wp\/v2\/comments?post=95"}],"version-history":[{"count":1,"href":"https:\/\/capagastro2025.org\/en\/wp-json\/wp\/v2\/pages\/95\/revisions"}],"predecessor-version":[{"id":96,"href":"https:\/\/capagastro2025.org\/en\/wp-json\/wp\/v2\/pages\/95\/revisions\/96"}],"wp:attachment":[{"href":"https:\/\/capagastro2025.org\/en\/wp-json\/wp\/v2\/media?parent=95"}],"curies":[{"name":"wp","href":"https:\/\/api.w.org\/{rel}","templated":true}]}}