{"id":92,"date":"2024-09-04T10:30:27","date_gmt":"2024-09-04T10:30:27","guid":{"rendered":"http:\/\/capagastro2025.org\/?page_id=92"},"modified":"2025-12-04T15:00:31","modified_gmt":"2025-12-04T15:00:31","slug":"kayit-konaklama","status":"publish","type":"page","link":"https:\/\/capagastro2025.org\/en\/kayit-konaklama\/","title":{"rendered":"Registration - Accommodation"},"content":{"rendered":"<p>[et_pb_section fb_built=&#8221;1&#8243; fullwidth=&#8221;on&#8221; _builder_version=&#8221;4.17.4&#8243; _module_preset=&#8221;default&#8221; global_colors_info=&#8221;{}&#8221;][et_pb_fullwidth_post_title meta=&#8221;off&#8221; featured_image=&#8221;off&#8221; _builder_version=&#8221;4.17.4&#8243; _module_preset=&#8221;default&#8221; title_font=&#8221;|700||on|||||&#8221; title_text_color=&#8221;#FFFFFF&#8221; background_color=&#8221;#da0b16&#8243; custom_padding=&#8221;150px||20px||false|false&#8221; global_colors_info=&#8221;{}&#8221;][\/et_pb_fullwidth_post_title][\/et_pb_section][et_pb_section fb_built=&#8221;1&#8243; _builder_version=&#8221;4.17.4&#8243; _module_preset=&#8221;default&#8221; custom_padding=&#8221;||||false|false&#8221; global_colors_info=&#8221;{}&#8221;][et_pb_row _builder_version=&#8221;4.17.4&#8243; _module_preset=&#8221;default&#8221; global_colors_info=&#8221;{}&#8221;][et_pb_column type=&#8221;4_4&#8243; _builder_version=&#8221;4.17.4&#8243; _module_preset=&#8221;default&#8221; global_colors_info=&#8221;{}&#8221;][et_pb_text _builder_version=&#8221;4.17.4&#8243; _module_preset=&#8221;default&#8221; text_font_size_tablet=&#8221;&#8221; text_font_size_phone=&#8221;10px&#8221; text_font_size_last_edited=&#8221;on|phone&#8221; text_line_height_tablet=&#8221;&#8221; text_line_height_phone=&#8221;1.4em&#8221; text_line_height_last_edited=&#8221;on|phone&#8221; global_colors_info=&#8221;{}&#8221;]<\/p>\n<table width=\"100%\" class=\"genel\">\n<tbody>\n<tr>\n<td colspan=\"4\"><strong>KAYIT<\/strong><\/td>\n<\/tr>\n<tr>\n<td width=\"\"><\/td>\n<td width=\"30%\" style=\"text-align: center; background-color: #eee;\"><strong>1. Periyot<\/strong><br \/><strong>9 Ocak 2026 ve \u00d6ncesi<\/strong><\/td>\n<td width=\"30%\" style=\"text-align: center; background-color: #ddd;\"><strong>2. Periyot<\/strong><br \/><strong>9 Ocak 2026 ve 27 Mart 2026 Aras\u0131<\/strong><\/td>\n<td width=\"30%\" style=\"text-align: center; background-color: #cccccc;\"><strong>3. Periyot<\/strong><br \/><strong>27 Mart 2026 Sonras\u0131<\/strong><\/td>\n<\/tr>\n<tr>\n<td width=\"\"><strong>Uzman<\/strong><\/td>\n<td width=\"30%\" style=\"text-align: center;\">12.500 TL<\/td>\n<td width=\"30%\" style=\"text-align: center;\">15.000 TL<\/td>\n<td width=\"30%\" style=\"text-align: center;\">16.000 TL<\/td>\n<\/tr>\n<tr>\n<td width=\"\"><strong>Asistan<\/strong><\/td>\n<td width=\"30%\" style=\"text-align: center;\">11.500 TL<\/td>\n<td width=\"30%\" style=\"text-align: center;\">14.000 TL<\/td>\n<td width=\"30%\" style=\"text-align: center;\">15.000 TL<\/td>\n<\/tr>\n<tr>\n<td width=\"\"><strong>Firma Temsilcisi<\/strong><\/td>\n<td width=\"30%\" style=\"text-align: center;\">12.500 TL<\/td>\n<td width=\"30%\" style=\"text-align: center;\">15.000 TL<\/td>\n<td width=\"30%\" style=\"text-align: center;\">16.000 TL<\/td>\n<\/tr>\n<\/tbody>\n<\/table>\n<ul>\n<li><em>Kay\u0131t \u00dccreti; toplant\u0131lara kat\u0131l\u0131m, yaka kart\u0131, kat\u0131l\u0131m belgesi, bilimsel programda belirtilmi\u015f, <\/em><em>kahve molas\u0131 ve \u00f6\u011fle yemeklerini kapsamaktad\u0131r. <\/em><\/li>\n<li><em>Fiyatlara KDV dahil de\u011fildir.<\/em><\/li>\n<\/ul>\n<table width=\"100%\" class=\"genel\">\n<tbody>\n<tr>\n<td colspan=\"7\"><strong>KONAKLAMA<\/strong><\/td>\n<\/tr>\n<tr>\n<td><\/td>\n<td colspan=\"2\" align=\"center\" bgcolor=\"#eee\"><strong>1. Periyot<br \/><\/strong><strong>9 Ocak 2026 ve \u00d6ncesi<\/strong><\/td>\n<td colspan=\"2\" align=\"center\" bgcolor=\"#ddd\"><strong>2. Periyot<br \/><\/strong><strong>9 Ocak 2026 ve 27 Mart 2026 Aras\u0131<\/strong><\/td>\n<td colspan=\"2\" align=\"center\" bgcolor=\"#ccc\"><strong>3. Periyot<br \/>27 Mart 2026 Sonras\u0131<\/strong><\/td>\n<\/tr>\n<tr>\n<td>2 Gecelik Paket<br \/>Konaklama<\/td>\n<td colspan=\"2\" align=\"center\">Tek Ki\u015filik Oda<\/td>\n<td colspan=\"2\" align=\"center\">Tek Ki\u015filik Oda<\/td>\n<td colspan=\"2\" align=\"center\">Tek Ki\u015filik Oda<\/td>\n<\/tr>\n<tr>\n<td>Renaissance Polat \u0130stanbul Hotel<\/td>\n<td colspan=\"2\" align=\"center\">600 EURO<\/td>\n<td colspan=\"2\" align=\"center\">700 EURO<\/td>\n<td colspan=\"2\" align=\"center\">800 EURO<\/td>\n<\/tr>\n<\/tbody>\n<\/table>\n<ul>\n<li><em>Giri\u015f tarihi 17 Nisan 2025, \u00c7ar\u015famba, (14:00\u2019ten sonra)<\/em><\/li>\n<li><em>\u00c7\u0131k\u0131\u015f tarihi 19 Nisan 2025, Cumartesi, (12:00\u2019ye kadar)<\/em><\/li>\n<li><em>Konsept oda kahvalt\u0131d\u0131r.<\/em><\/li>\n<li><em>Ayn\u0131 odada ikinci ki\u015fi ile konaklama fark\u0131 1 gece i\u00e7in 50 Euro + KDV\u2019dir<\/em><\/li>\n<li><em>Sempozyum giri\u015f g\u00fcn\u00fc TCMB\u00a0Efektif Sat\u0131\u015f kuru baz al\u0131nacakt\u0131r.<\/em><\/li>\n<li><em>Belirtilen sponsorluk \u00fccretlerine vergiler dahil de\u011fildir.<\/em><\/li>\n<\/ul>\n<table width=\"100%\" class=\"genel\">\n<tbody>\n<tr>\n<td width=\"\" colspan=\"2\"><strong>TRANSFER<\/strong><\/td>\n<\/tr>\n<tr>\n<td width=\"45%\" align=\"center\">Tek Y\u00f6n<\/td>\n<td width=\"45%\" align=\"center\">\u00c7ift Y\u00f6n<\/td>\n<\/tr>\n<tr>\n<td width=\"\" align=\"center\">90 EURO<\/td>\n<td width=\"\" align=\"center\">180 EURO<\/td>\n<\/tr>\n<\/tbody>\n<\/table>\n<p>[\/et_pb_text][\/et_pb_column][\/et_pb_row][\/et_pb_section]<\/p>\n","protected":false},"excerpt":{"rendered":"<p>KAYIT 1. Periyot9 Ocak 2026 ve \u00d6ncesi 2. Periyot9 Ocak 2026 ve 27 Mart 2026 Aras\u0131 3. Periyot27 Mart 2026 Sonras\u0131 Uzman 12.500 TL 15.000 TL 16.000 TL Asistan 11.500 TL 14.000 TL 15.000 TL Firma Temsilcisi 12.500 TL 15.000 TL 16.000 TL Kay\u0131t \u00dccreti; toplant\u0131lara kat\u0131l\u0131m, yaka kart\u0131, kat\u0131l\u0131m belgesi, bilimsel programda belirtilmi\u015f, kahve [&hellip;]<\/p>\n","protected":false},"author":1,"featured_media":0,"parent":0,"menu_order":0,"comment_status":"closed","ping_status":"closed","template":"","meta":{"_et_pb_use_builder":"on","_et_pb_old_content":"","_et_gb_content_width":"","footnotes":""},"class_list":["post-92","page","type-page","status-publish","hentry"],"_links":{"self":[{"href":"https:\/\/capagastro2025.org\/en\/wp-json\/wp\/v2\/pages\/92","targetHints":{"allow":["GET"]}}],"collection":[{"href":"https:\/\/capagastro2025.org\/en\/wp-json\/wp\/v2\/pages"}],"about":[{"href":"https:\/\/capagastro2025.org\/en\/wp-json\/wp\/v2\/types\/page"}],"author":[{"embeddable":true,"href":"https:\/\/capagastro2025.org\/en\/wp-json\/wp\/v2\/users\/1"}],"replies":[{"embeddable":true,"href":"https:\/\/capagastro2025.org\/en\/wp-json\/wp\/v2\/comments?post=92"}],"version-history":[{"count":7,"href":"https:\/\/capagastro2025.org\/en\/wp-json\/wp\/v2\/pages\/92\/revisions"}],"predecessor-version":[{"id":273,"href":"https:\/\/capagastro2025.org\/en\/wp-json\/wp\/v2\/pages\/92\/revisions\/273"}],"wp:attachment":[{"href":"https:\/\/capagastro2025.org\/en\/wp-json\/wp\/v2\/media?parent=92"}],"curies":[{"name":"wp","href":"https:\/\/api.w.org\/{rel}","templated":true}]}}