{"id":87,"date":"2024-09-04T10:30:04","date_gmt":"2024-09-04T10:30:04","guid":{"rendered":"http:\/\/capagastro2025.org\/?page_id=87"},"modified":"2025-02-28T12:36:50","modified_gmt":"2025-02-28T12:36:50","slug":"bildiri-gonderimi","status":"publish","type":"page","link":"https:\/\/capagastro2025.org\/en\/bildiri-gonderimi\/","title":{"rendered":"Abstract Submission"},"content":{"rendered":"<p>[et_pb_section fb_built=&#8221;1&#8243; fullwidth=&#8221;on&#8221; _builder_version=&#8221;4.17.4&#8243; _module_preset=&#8221;default&#8221; global_colors_info=&#8221;{}&#8221;][et_pb_fullwidth_post_title meta=&#8221;off&#8221; featured_image=&#8221;off&#8221; _builder_version=&#8221;4.17.4&#8243; _module_preset=&#8221;default&#8221; title_font=&#8221;|700||on|||||&#8221; title_text_color=&#8221;#FFFFFF&#8221; background_color=&#8221;#da0b16&#8243; custom_padding=&#8221;150px||20px||false|false&#8221; global_colors_info=&#8221;{}&#8221;][\/et_pb_fullwidth_post_title][\/et_pb_section][et_pb_section fb_built=&#8221;1&#8243; _builder_version=&#8221;4.17.4&#8243; _module_preset=&#8221;default&#8221; custom_padding=&#8221;||||false|false&#8221; global_colors_info=&#8221;{}&#8221;][et_pb_row _builder_version=&#8221;4.17.4&#8243; _module_preset=&#8221;default&#8221; global_colors_info=&#8221;{}&#8221;][et_pb_column type=&#8221;4_4&#8243; _builder_version=&#8221;4.17.4&#8243; _module_preset=&#8221;default&#8221; global_colors_info=&#8221;{}&#8221;][et_pb_text _builder_version=&#8221;4.17.4&#8243; _module_preset=&#8221;default&#8221; global_colors_info=&#8221;{}&#8221;]<\/p>\n<p><strong>Bildirilerin G\u00f6nderilmesi<\/strong><br \/>Bildirilerin kongre web sitesi \u00fczerinden online g\u00f6nderilmesi tek ge\u00e7erli bildiri g\u00f6nderim \u015feklidir. Sistemden ba\u011f\u0131ms\u0131z olarak e-mail ve posta yoluyla g\u00f6nderilen bildiriler kabul edilmeyecektir.<\/p>\n<p><a href=\"https:\/\/www.abstractmodule.com\/2025capagastro\/?plng=tur\"><img loading=\"lazy\" decoding=\"async\" src=\"https:\/\/capagastro2025.org\/wp-content\/uploads\/2024\/09\/online_bildiri_ozeti_sistemi_button_tr1.png\" width=\"129\" height=\"70\" alt=\"\" class=\"wp-image-113 aligncenter size-full\" \/><\/a><\/p>\n<p style=\"text-align: center;\"><strong>Bildiri \u00d6zeti Son G\u00f6nderim Tarihi: 16 Mart 2025<\/strong><\/p>\n<p>Kongrede sunulacak bildiriler deneysel \u00e7al\u0131\u015fma, klinik \u00e7al\u0131\u015fma ve \u00f6zg\u00fcn olgu sunumlar\u0131 \u015feklinde, bilimsel geli\u015fmeye katk\u0131da bulunabilecek \u00f6zellikte olmal\u0131 ve sonu\u00e7 mesaj\u0131 vermelidir. \u0130nternet \u00fczerinden g\u00f6nderilen \u00f6zetler ayn\u0131 \u015fekilde bas\u0131laca\u011f\u0131 i\u00e7in yaz\u0131m hatalar\u0131na dikkat edilmesi gerekir. T\u00fcm yaz\u0131m hatalar\u0131ndan yazarlar sorumludur.<\/p>\n<p><strong>Yaz\u0131m Kurallar\u0131<\/strong><\/p>\n<ul>\n<li>\u00d6zetler online bildiri \u00f6zet sistemi ile toplanacakt\u0131r.<\/li>\n<li>Yazar isimlerinde akademik \u00fcnvan kullan\u0131lmamal\u0131d\u0131r.<\/li>\n<li>\u0130simler sadece ilk harf b\u00fcy\u00fck olacak \u015fekilde k\u00fc\u00e7\u00fck harflerle yaz\u0131lmal\u0131d\u0131r.<br \/><em>\u00d6rn: Mehmet Y\u0131lmaz<\/em><\/li>\n<li>Yazarlar\u0131n \u00e7al\u0131\u015ft\u0131klar\u0131 kurumlar\u0131n ad ve adresleri mutlaka belirtilmelidir.<br \/><em>\u00d6rn: Xxxx \u00dcniversitesi T\u0131p Fak\u00fcltesi, Xxxx Ana Bilim Dal\u0131, \u0130zmir<\/em><\/li>\n<li>\u00d6zet ba\u015fl\u0131\u011f\u0131n\u0131n sadece ilk harfi b\u00fcy\u00fck yaz\u0131lmal\u0131d\u0131r. (K\u0131saltmalar istisnad\u0131r.)<br \/><em>\u00d6rn: Xxxxx xxxx xxxxxx xxxxx xxx XXX xxxx xxxx<\/em><\/li>\n<li>\u00d6zet i\u00e7inde k\u0131saltma kullan\u0131lmas\u0131 halinde, k\u0131saltman\u0131n a\u00e7\u0131k ad\u0131 parantez i\u00e7inde belirtilmelidir<\/li>\n<li>\u00d6zette \u00e7al\u0131\u015fman\u0131n amac\u0131 ve kullan\u0131lan y\u00f6ntemler k\u0131saca belirtilmeli, bulgular yeterli say\u0131sal ayr\u0131nt\u0131yla birlikte \u00f6zetlenmeli ve sunulan bulgular \u00e7er\u00e7evesinde sonu\u00e7 a\u00e7\u0131klanmal\u0131d\u0131r.<\/li>\n<li>\u00d6zet; ama\u00e7, y\u00f6ntem, bulgular ve sonu\u00e7 ba\u015fl\u0131klar\u0131 kullan\u0131larak yaz\u0131lmal\u0131d\u0131r.<\/li>\n<li>\u00d6zetin tamam\u0131, ba\u015fl\u0131k ad\u0131, yazar\u0131n ad\u0131, soyad\u0131 hari\u00e7 olmak \u00fczere\u00a0<strong>300\u00a0<\/strong>kelimeyi ge\u00e7memelidir.<\/li>\n<\/ul>\n<p>Bu maddelerden herhangi birine uymayan bildiri \u00f6zeti, i\u00e7eri\u011fine bak\u0131lmaks\u0131z\u0131n de\u011ferlendirme d\u0131\u015f\u0131 b\u0131rak\u0131lacakt\u0131r.<\/p>\n<p><strong>D\u0130KKAT ED\u0130LECEK NOKTALAR<\/strong><\/p>\n<ul>\n<li>Online bildiri mod\u00fcl\u00fcn\u00fc ilk kez kullanacaksan\u0131z \u201cYeni Kullan\u0131c\u0131\u201d linkini kullanarak sisteme kaydolunuz.<\/li>\n<li>Kay\u0131t i\u015fleminden sonra sayfadaki a\u00e7\u0131klamalar size yard\u0131mc\u0131 olacakt\u0131r. Verilen mesaj ve a\u00e7\u0131klamalar\u0131 dikkatle okuyunuz.<\/li>\n<li>\u0130nternet \u00fczerinden g\u00f6nderilen \u00f6zetler ayn\u0131 \u015fekilde bas\u0131laca\u011f\u0131 i\u00e7in yaz\u0131m hatalar\u0131na dikkat edilmesi gerekmektedir.<\/li>\n<li>\u00d6zet g\u00f6nderme i\u015fleminizden sonra e-posta adresinize gelecek onay mesajlar\u0131n\u0131 saklay\u0131n\u0131z.<\/li>\n<li>Bildirinizle ilgili t\u00fcm de\u011ferlendirme s\u00fcrecini e-posta ve parolan\u0131zla sistem \u00fczerinden takip edebilirsiniz.<\/li>\n<li><strong>G\u00f6nderim esnas\u0131nda teknik destek ya da sorular\u0131n\u0131z i\u00e7in:<\/strong><br \/>Minduce Bilgi \u0130leti\u015fim Teknolojileri Ltd.<br \/>Tel : +90 (216) 410 44 14<br \/>E-posta :\u00a0<a href=\"https:\/\/web.archive.org\/web\/20230328234814\/mailto:support@abstractModule.com\">support@abstractModule.com<\/a><br \/>Online sistem \u00fczerinden destek talebi olu\u015fturabilirsiniz.<\/li>\n<\/ul>\n<p><strong>\u00d6nemli Not:<\/strong>\u00a0\u00d6zet son g\u00f6nderim tarihine kadar bilimsel kurula g\u00f6nderilen \u00f6zetinizde g\u00fcncelleme yapmak isterseniz destek adreslerimizden (Tel: 0216 410 44 14) bize ula\u015fabilirsiniz. \u0130lgili talebiniz sonras\u0131 \u00f6zetinizin stat\u00fcs\u00fc bir \u00f6nceki ad\u0131ma getirilecektir.<\/p>\n<p>Farkl\u0131 bir \u00f6zet numaras\u0131 ile ayn\u0131 \u00f6zetin (g\u00fcncellenerek) tekrar g\u00f6nderilmesi, de\u011ferlendirme a\u015famas\u0131nda ya\u015fanabilecek olumsuzluklar sebebiyle uygun de\u011fildir.<\/p>\n<p><strong>Bildirilerin De\u011ferlendirilmesi<\/strong><\/p>\n<ul>\n<li>Bildirilerin de\u011ferlendirmesi Bildiri De\u011ferlendirme Komitesince yap\u0131lacakt\u0131r.<\/li>\n<li>De\u011ferlendirme sonucu t\u00fcm bildiri sahiplerine sonu\u00e7 yaz\u0131s\u0131 olarak g\u00f6nderilecek ve web sitesinde a\u00e7\u0131klanacakt\u0131r.<\/li>\n<li>Bilimsel Kurul, bildirileri s\u00f6zel ve poster sunum olarak de\u011fi\u015ftirme ve karar verme hakk\u0131na sahiptir<\/li>\n<\/ul>\n<p>[\/et_pb_text][\/et_pb_column][\/et_pb_row][\/et_pb_section]<\/p>\n","protected":false},"excerpt":{"rendered":"<p>Bildirilerin G\u00f6nderilmesiBildirilerin kongre web sitesi \u00fczerinden online g\u00f6nderilmesi tek ge\u00e7erli bildiri g\u00f6nderim \u015feklidir. Sistemden ba\u011f\u0131ms\u0131z olarak e-mail ve posta yoluyla g\u00f6nderilen bildiriler kabul edilmeyecektir. Bildiri \u00d6zeti Son G\u00f6nderim Tarihi: 16 Mart 2025 Kongrede sunulacak bildiriler deneysel \u00e7al\u0131\u015fma, klinik \u00e7al\u0131\u015fma ve \u00f6zg\u00fcn olgu sunumlar\u0131 \u015feklinde, bilimsel geli\u015fmeye katk\u0131da bulunabilecek \u00f6zellikte olmal\u0131 ve sonu\u00e7 mesaj\u0131 vermelidir. \u0130nternet [&hellip;]<\/p>\n","protected":false},"author":1,"featured_media":0,"parent":0,"menu_order":0,"comment_status":"closed","ping_status":"closed","template":"","meta":{"_et_pb_use_builder":"on","_et_pb_old_content":"","_et_gb_content_width":"","footnotes":""},"class_list":["post-87","page","type-page","status-publish","hentry"],"_links":{"self":[{"href":"https:\/\/capagastro2025.org\/en\/wp-json\/wp\/v2\/pages\/87","targetHints":{"allow":["GET"]}}],"collection":[{"href":"https:\/\/capagastro2025.org\/en\/wp-json\/wp\/v2\/pages"}],"about":[{"href":"https:\/\/capagastro2025.org\/en\/wp-json\/wp\/v2\/types\/page"}],"author":[{"embeddable":true,"href":"https:\/\/capagastro2025.org\/en\/wp-json\/wp\/v2\/users\/1"}],"replies":[{"embeddable":true,"href":"https:\/\/capagastro2025.org\/en\/wp-json\/wp\/v2\/comments?post=87"}],"version-history":[{"count":7,"href":"https:\/\/capagastro2025.org\/en\/wp-json\/wp\/v2\/pages\/87\/revisions"}],"predecessor-version":[{"id":206,"href":"https:\/\/capagastro2025.org\/en\/wp-json\/wp\/v2\/pages\/87\/revisions\/206"}],"wp:attachment":[{"href":"https:\/\/capagastro2025.org\/en\/wp-json\/wp\/v2\/media?parent=87"}],"curies":[{"name":"wp","href":"https:\/\/api.w.org\/{rel}","templated":true}]}}