{"id":14,"date":"2024-09-03T09:24:58","date_gmt":"2024-09-03T09:24:58","guid":{"rendered":"https:\/\/capagastro2025.org\/?page_id=14"},"modified":"2024-11-15T12:44:48","modified_gmt":"2024-11-15T12:44:48","slug":"ana-sayfa","status":"publish","type":"page","link":"https:\/\/capagastro2025.org\/en\/","title":{"rendered":"Home"},"content":{"rendered":"<p>[et_pb_section fb_built=&#8221;1&#8243; fullwidth=&#8221;on&#8221; _builder_version=&#8221;4.17.4&#8243; _module_preset=&#8221;default&#8221; global_colors_info=&#8221;{}&#8221;][et_pb_fullwidth_image src=&#8221;https:\/\/capagastro2025.org\/wp-content\/uploads\/2024\/09\/banner-2.jpg&#8221; title_text=&#8221;banner&#8221; _builder_version=&#8221;4.17.4&#8243; _module_preset=&#8221;default&#8221; global_colors_info=&#8221;{}&#8221;][\/et_pb_fullwidth_image][\/et_pb_section][et_pb_section fb_built=&#8221;1&#8243; _builder_version=&#8221;4.17.4&#8243; _module_preset=&#8221;default&#8221; background_color=&#8221;RGBA(255,255,255,0)&#8221; custom_margin=&#8221;-70px||||false|false&#8221; custom_margin_tablet=&#8221;-70px||||false|false&#8221; custom_margin_phone=&#8221;0px||||false|false&#8221; custom_margin_last_edited=&#8221;on|phone&#8221; custom_padding=&#8221;0px||16px||false|false&#8221; global_colors_info=&#8221;{}&#8221;][et_pb_row column_structure=&#8221;2_3,1_3&#8243; _builder_version=&#8221;4.17.4&#8243; _module_preset=&#8221;default&#8221; module_alignment=&#8221;left&#8221; custom_margin=&#8221;||||false|false&#8221; custom_padding=&#8221;0px||||false|false&#8221; global_colors_info=&#8221;{}&#8221;][et_pb_column type=&#8221;2_3&#8243; _builder_version=&#8221;4.17.4&#8243; _module_preset=&#8221;default&#8221; global_colors_info=&#8221;{}&#8221;][et_pb_text _builder_version=&#8221;4.17.4&#8243; _module_preset=&#8221;default&#8221; text_text_color=&#8221;#000000&#8243; text_orientation=&#8221;center&#8221; global_colors_info=&#8221;{}&#8221;]<\/p>\n<p><strong>KONGREYE KALAN S\u00dcRE <\/strong><br \/><\/p>\n<p>[\/et_pb_text][\/et_pb_column][et_pb_column type=&#8221;1_3&#8243; _builder_version=&#8221;4.17.4&#8243; _module_preset=&#8221;default&#8221; global_colors_info=&#8221;{}&#8221;][\/et_pb_column][\/et_pb_row][\/et_pb_section][et_pb_section fb_built=&#8221;1&#8243; _builder_version=&#8221;4.17.4&#8243; _module_preset=&#8221;default&#8221; background_color=&#8221;#efefef&#8221; custom_padding=&#8221;13px||23px|||&#8221; global_colors_info=&#8221;{}&#8221;][et_pb_row _builder_version=&#8221;4.17.4&#8243; _module_preset=&#8221;default&#8221; global_colors_info=&#8221;{}&#8221;][et_pb_column type=&#8221;4_4&#8243; _builder_version=&#8221;4.17.4&#8243; _module_preset=&#8221;default&#8221; global_colors_info=&#8221;{}&#8221;][et_pb_text _builder_version=&#8221;4.17.4&#8243; _module_preset=&#8221;default&#8221; text_font=&#8221;Noto Sans||||||||&#8221; text_text_color=&#8221;#000000&#8243; text_font_size=&#8221;16px&#8221; text_line_height=&#8221;2em&#8221; custom_margin=&#8221;||18px|||&#8221; custom_padding=&#8221;||||false|false&#8221; global_colors_info=&#8221;{}&#8221;]<\/p>\n<p style=\"text-align: center;\">Sevgili Meslekta\u015flar\u0131m;<\/p>\n<p style=\"text-align: justify;\">Y\u0131llar \u00e7ok h\u0131zl\u0131 ge\u00e7iyor, \u00c7apa Gastroenterohepatoloji G\u00fcnlerinin 24. s\u00fcn\u00fc ger\u00e7ekle\u015ftirmek \u00fczere 17-19 Nisan 2025 tarihlerinde sizlerle birlikte olaca\u011f\u0131z. Ger\u00e7ekten k\u00f6kl\u00fc, gelenekselle\u015fmi\u015f ve lider bir toplant\u0131y\u0131z\u2026Gastroenteroloji bildi\u011finiz gibi hasta hinterland\u0131 en geni\u015f bilim alanlar\u0131ndan biridir, polikliniklere ba\u015fvuran hastalar\u0131n yakla\u015f\u0131k %40\u2019\u0131 gastrointestinal ve hepatobiliyer sorunlara sahiptir. Ayn\u0131 zamanda \u00e7ok da dinamiktir, tan\u0131 ve tedaviyle ilgili t\u0131bbi geli\u015fmeler \u00e7ok yo\u011fundur. Biz bilim dal\u0131 olarak bu toplant\u0131larda 1 y\u0131l i\u00e7inde ya\u015fanan ilerlemeleri sizlerle payla\u015farak bilgilerinizi g\u00fcncelleriz. En \u00f6nemlisi bu ilerlemeleri mensubu oldu\u011fumuz \u0130stanbul T\u0131p Fak\u00fcltesi ekol\u00fcn\u00fcn yorumlar\u0131n\u0131 ve tecr\u00fcbelerini de katarak aktar\u0131r\u0131z. Dolay\u0131s\u0131yla kat\u0131l\u0131mc\u0131lar bilgilerin en de\u011ferlisi olan tecr\u00fcbe aktar\u0131m\u0131na kavu\u015furlar.<\/p>\n<p>[\/et_pb_text][et_pb_button button_url=&#8221;\/davet&#8221; button_text=&#8221;Devam\u0131&#8230;&#8221; button_alignment=&#8221;right&#8221; _builder_version=&#8221;4.17.4&#8243; _module_preset=&#8221;default&#8221; custom_button=&#8221;on&#8221; button_text_size=&#8221;14px&#8221; button_text_color=&#8221;#6B6B6B&#8221; button_bg_color=&#8221;#D6D6D6&#8243; button_border_width=&#8221;0px&#8221; button_border_radius=&#8221;30px&#8221; global_colors_info=&#8221;{}&#8221;][\/et_pb_button][\/et_pb_column][\/et_pb_row][\/et_pb_section][et_pb_section fb_built=&#8221;1&#8243; _builder_version=&#8221;4.17.4&#8243; _module_preset=&#8221;default&#8221; custom_padding=&#8221;34px|||||&#8221; global_colors_info=&#8221;{}&#8221;][et_pb_row column_structure=&#8221;1_3,1_3,1_3&#8243; _builder_version=&#8221;4.17.4&#8243; _module_preset=&#8221;default&#8221; custom_padding=&#8221;22px|||||&#8221; global_colors_info=&#8221;{}&#8221;][et_pb_column type=&#8221;1_3&#8243; _builder_version=&#8221;4.17.4&#8243; _module_preset=&#8221;default&#8221; link_option_url=&#8221;https:\/\/capagastro2025.org\/bilimsel-program\/&#8221; global_colors_info=&#8221;{}&#8221;][et_pb_text _builder_version=&#8221;4.17.4&#8243; _module_preset=&#8221;default&#8221; text_font=&#8221;||||||||&#8221; text_text_color=&#8221;#E02B20&#8243; text_font_size=&#8221;17px&#8221; hover_enabled=&#8221;0&#8243; global_colors_info=&#8221;{}&#8221; sticky_enabled=&#8221;0&#8243;]<\/p>\n<p style=\"text-align: center;\"><a href=\"https:\/\/capagastro2025.org\/bilimsel-program\/\"><img loading=\"lazy\" decoding=\"async\" src=\"https:\/\/capagastro2025.org\/wp-content\/uploads\/2024\/09\/bilimsel-ikon.png\" width=\"275\" height=\"275\" alt=\"\" class=\"wp-image-57 alignnone size-full\" \/><\/a><br \/>\n<strong>B\u0130L\u0130MSEL PROGRAM<\/strong><\/p>\n<p>[\/et_pb_text][\/et_pb_column][et_pb_column type=&#8221;1_3&#8243; _builder_version=&#8221;4.17.4&#8243; _module_preset=&#8221;default&#8221; global_colors_info=&#8221;{}&#8221;][et_pb_text _builder_version=&#8221;4.17.4&#8243; _module_preset=&#8221;default&#8221; text_text_color=&#8221;#E02B20&#8243; text_font_size=&#8221;16px&#8221; hover_enabled=&#8221;0&#8243; global_colors_info=&#8221;{}&#8221; sticky_enabled=&#8221;0&#8243;]<\/p>\n<p style=\"text-align: center;\"><a href=\"\/kayit-konaklama\"><strong><img loading=\"lazy\" decoding=\"async\" src=\"https:\/\/capagastro2025.org\/wp-content\/uploads\/2024\/09\/kayit-ikon.png\" width=\"275\" height=\"275\" alt=\"\" class=\"wp-image-58 alignnone size-full\" \/><\/strong><\/a><br \/><strong>KAYIT &amp; KONAKLAMA<\/strong><\/p>\n<p>&nbsp;<\/p>\n<p>[\/et_pb_text][\/et_pb_column][et_pb_column type=&#8221;1_3&#8243; _builder_version=&#8221;4.17.4&#8243; _module_preset=&#8221;default&#8221; global_colors_info=&#8221;{}&#8221;][et_pb_text _builder_version=&#8221;4.17.4&#8243; _module_preset=&#8221;default&#8221; text_text_color=&#8221;#E02B20&#8243; text_font_size=&#8221;17px&#8221; hover_enabled=&#8221;0&#8243; global_colors_info=&#8221;{}&#8221; sticky_enabled=&#8221;0&#8243;]<\/p>\n<p style=\"text-align: center;\"><a href=\"\/bildiri-gonderimi\"><img loading=\"lazy\" decoding=\"async\" src=\"https:\/\/capagastro2025.org\/wp-content\/uploads\/2024\/09\/bildiri-ikon.png\" width=\"275\" height=\"275\" alt=\"\" class=\"wp-image-59 alignnone size-full\" \/><\/a><br \/><strong>B\u0130LD\u0130R\u0130 G\u00d6NDER\u0130M\u0130<\/strong><\/p>\n<p>[\/et_pb_text][\/et_pb_column][\/et_pb_row][\/et_pb_section]<\/p>\n","protected":false},"excerpt":{"rendered":"<p>KONGREYE KALAN S\u00dcRE Sevgili Meslekta\u015flar\u0131m; Y\u0131llar \u00e7ok h\u0131zl\u0131 ge\u00e7iyor, \u00c7apa Gastroenterohepatoloji G\u00fcnlerinin 24. s\u00fcn\u00fc ger\u00e7ekle\u015ftirmek \u00fczere 17-19 Nisan 2025 tarihlerinde sizlerle birlikte olaca\u011f\u0131z. Ger\u00e7ekten k\u00f6kl\u00fc, gelenekselle\u015fmi\u015f ve lider bir toplant\u0131y\u0131z\u2026Gastroenteroloji bildi\u011finiz gibi hasta hinterland\u0131 en geni\u015f bilim alanlar\u0131ndan biridir, polikliniklere ba\u015fvuran hastalar\u0131n yakla\u015f\u0131k %40\u2019\u0131 gastrointestinal ve hepatobiliyer sorunlara sahiptir. Ayn\u0131 zamanda \u00e7ok da dinamiktir, [&hellip;]<\/p>\n","protected":false},"author":1,"featured_media":0,"parent":0,"menu_order":0,"comment_status":"closed","ping_status":"closed","template":"","meta":{"_et_pb_use_builder":"on","_et_pb_old_content":"","_et_gb_content_width":"","footnotes":""},"class_list":["post-14","page","type-page","status-publish","hentry"],"_links":{"self":[{"href":"https:\/\/capagastro2025.org\/en\/wp-json\/wp\/v2\/pages\/14","targetHints":{"allow":["GET"]}}],"collection":[{"href":"https:\/\/capagastro2025.org\/en\/wp-json\/wp\/v2\/pages"}],"about":[{"href":"https:\/\/capagastro2025.org\/en\/wp-json\/wp\/v2\/types\/page"}],"author":[{"embeddable":true,"href":"https:\/\/capagastro2025.org\/en\/wp-json\/wp\/v2\/users\/1"}],"replies":[{"embeddable":true,"href":"https:\/\/capagastro2025.org\/en\/wp-json\/wp\/v2\/comments?post=14"}],"version-history":[{"count":29,"href":"https:\/\/capagastro2025.org\/en\/wp-json\/wp\/v2\/pages\/14\/revisions"}],"predecessor-version":[{"id":192,"href":"https:\/\/capagastro2025.org\/en\/wp-json\/wp\/v2\/pages\/14\/revisions\/192"}],"wp:attachment":[{"href":"https:\/\/capagastro2025.org\/en\/wp-json\/wp\/v2\/media?parent=14"}],"curies":[{"name":"wp","href":"https:\/\/api.w.org\/{rel}","templated":true}]}}