{"id":115,"date":"2024-09-04T10:38:35","date_gmt":"2024-09-04T10:38:35","guid":{"rendered":"http:\/\/capagastro2025.org\/?page_id=115"},"modified":"2025-12-04T15:02:08","modified_gmt":"2025-12-04T15:02:08","slug":"onemli-bilgiler","status":"publish","type":"page","link":"https:\/\/capagastro2025.org\/en\/onemli-bilgiler\/","title":{"rendered":"Important Information &amp; Dates"},"content":{"rendered":"<p>[et_pb_section fb_built=&#8221;1&#8243; fullwidth=&#8221;on&#8221; _builder_version=&#8221;4.17.4&#8243; _module_preset=&#8221;default&#8221; global_colors_info=&#8221;{}&#8221;][et_pb_fullwidth_post_title meta=&#8221;off&#8221; featured_image=&#8221;off&#8221; _builder_version=&#8221;4.17.4&#8243; _module_preset=&#8221;default&#8221; title_font=&#8221;|700||on|||||&#8221; title_text_color=&#8221;#FFFFFF&#8221; background_color=&#8221;#da0b16&#8243; custom_padding=&#8221;150px||20px||false|false&#8221; global_colors_info=&#8221;{}&#8221;][\/et_pb_fullwidth_post_title][\/et_pb_section][et_pb_section fb_built=&#8221;1&#8243; _builder_version=&#8221;4.17.4&#8243; _module_preset=&#8221;default&#8221; custom_padding=&#8221;||||false|false&#8221; global_colors_info=&#8221;{}&#8221;][et_pb_row _builder_version=&#8221;4.17.4&#8243; _module_preset=&#8221;default&#8221; global_colors_info=&#8221;{}&#8221;][et_pb_column type=&#8221;4_4&#8243; _builder_version=&#8221;4.17.4&#8243; _module_preset=&#8221;default&#8221; global_colors_info=&#8221;{}&#8221;][et_pb_text _builder_version=&#8221;4.17.4&#8243; _module_preset=&#8221;default&#8221; global_colors_info=&#8221;{}&#8221;]<\/p>\n<p><strong>\u00d6NEML\u0130 B\u0130LG\u0130 VE TAR\u0130HLER<\/strong><\/p>\n<table width=\"100%\">\n<tbody>\n<tr>\n<td>\n<p><strong>T\u00fcm Sponsorluklar i\u00e7in Son \u0130ptal Tarihi : 9 Ocak 2026<\/strong><\/p>\n<\/td>\n<\/tr>\n<tr>\n<td>\n<p><strong>T\u00fcm Sponsorluklar i\u00e7in Son \u00d6deme Tarihi : 22 Mart 2025<\/strong><\/p>\n<\/td>\n<\/tr>\n<tr>\n<td>\n<p><strong>Kay\u0131t ve Konaklama i\u00e7in \u0130sim Bildirme Son Tarihi :\u00a0 15 Mart 2025<\/strong><\/p>\n<\/td>\n<\/tr>\n<tr>\n<td>\n<p><strong>Transfer Detaylar\u0131n\u0131n \u0130letilmesi i\u00e7in Son Tarih :\u00a0 29 Mart 2025<\/strong><\/p>\n<\/td>\n<\/tr>\n<tr>\n<td>\n<ul>\n<li>B\u00fct\u00e7eler \u00f6deme\u00a0yap\u0131lan tarihteki periyota g\u00f6re d\u00fczenlenecektir.<\/li>\n<li>Sponsorluk dosyas\u0131nda belirtilen \u00fccretlere vergiler dahil de\u011fildir.<\/li>\n<li>D Event Turizm\u2019in vergisel de\u011fi\u015fiklikleri fiyatlara yans\u0131tma hakk\u0131 bulunmaktad\u0131r ve \u00fclkedeki ekonomik ko\u015fullar\u0131n \u00f6nemli \u00f6l\u00e7\u00fcde de\u011fi\u015fmesi durumunda fiyatlar\u0131 de\u011fi\u015ftirme hakk\u0131 sakl\u0131d\u0131r.<\/li>\n<\/ul>\n<\/td>\n<\/tr>\n<\/tbody>\n<\/table>\n<p><strong>\u0130PTAL \/ \u0130ADE \u015eARTLARI<\/strong><br \/><strong>9 Ocak 2026<\/strong> tarihinden sonra ger\u00e7ekle\u015fecek olan iptallerde geri \u00f6deme <strong>yap\u0131lmayacakt\u0131r. <\/strong><\/p>\n<ul>\n<li>Bu tarihten \u00f6nce yap\u0131lan iptaller i\u00e7in yap\u0131lacak olan geri \u00f6demeler, organizasyon ba\u015flang\u0131\u00e7 tarihinden itibaren <strong>60 g\u00fcn\u00a0<\/strong>i\u00e7inde, banka yolu ile bildirilen hesaplara \u00f6denecektir.<\/li>\n<li>Belirtilen tarihe kadar \u00f6demesi yap\u0131lmayan sponsorluklar\u0131n t\u00fcm rezervasyonlar iptal edilecektir.<\/li>\n<li>Sponsor firmalar\u0131n organizasyon \u00f6ncesinde t\u00fcm \u00f6demelerini yapm\u0131\u015f olmas\u0131 gerekmektedir. \u00d6demelerde olu\u015fabilecek her bir ayl\u0131k gecikme i\u00e7in toplam fatura tutar\u0131 \u00fczerinden %10 faiz uygulanacakt\u0131r.<\/li>\n<\/ul>\n<p>[\/et_pb_text][\/et_pb_column][\/et_pb_row][\/et_pb_section]<\/p>\n","protected":false},"excerpt":{"rendered":"<p>\u00d6NEML\u0130 B\u0130LG\u0130 VE TAR\u0130HLER T\u00fcm Sponsorluklar i\u00e7in Son \u0130ptal Tarihi : 9 Ocak 2026 T\u00fcm Sponsorluklar i\u00e7in Son \u00d6deme Tarihi : 22 Mart 2025 Kay\u0131t ve Konaklama i\u00e7in \u0130sim Bildirme Son Tarihi :\u00a0 15 Mart 2025 Transfer Detaylar\u0131n\u0131n \u0130letilmesi i\u00e7in Son Tarih :\u00a0 29 Mart 2025 B\u00fct\u00e7eler \u00f6deme\u00a0yap\u0131lan tarihteki periyota g\u00f6re d\u00fczenlenecektir. Sponsorluk dosyas\u0131nda belirtilen [&hellip;]<\/p>\n","protected":false},"author":1,"featured_media":0,"parent":0,"menu_order":0,"comment_status":"closed","ping_status":"closed","template":"","meta":{"_et_pb_use_builder":"on","_et_pb_old_content":"","_et_gb_content_width":"","footnotes":""},"class_list":["post-115","page","type-page","status-publish","hentry"],"_links":{"self":[{"href":"https:\/\/capagastro2025.org\/en\/wp-json\/wp\/v2\/pages\/115","targetHints":{"allow":["GET"]}}],"collection":[{"href":"https:\/\/capagastro2025.org\/en\/wp-json\/wp\/v2\/pages"}],"about":[{"href":"https:\/\/capagastro2025.org\/en\/wp-json\/wp\/v2\/types\/page"}],"author":[{"embeddable":true,"href":"https:\/\/capagastro2025.org\/en\/wp-json\/wp\/v2\/users\/1"}],"replies":[{"embeddable":true,"href":"https:\/\/capagastro2025.org\/en\/wp-json\/wp\/v2\/comments?post=115"}],"version-history":[{"count":4,"href":"https:\/\/capagastro2025.org\/en\/wp-json\/wp\/v2\/pages\/115\/revisions"}],"predecessor-version":[{"id":275,"href":"https:\/\/capagastro2025.org\/en\/wp-json\/wp\/v2\/pages\/115\/revisions\/275"}],"wp:attachment":[{"href":"https:\/\/capagastro2025.org\/en\/wp-json\/wp\/v2\/media?parent=115"}],"curies":[{"name":"wp","href":"https:\/\/api.w.org\/{rel}","templated":true}]}}