{"id":108,"date":"2024-09-04T10:33:43","date_gmt":"2024-09-04T10:33:43","guid":{"rendered":"http:\/\/capagastro2025.org\/?page_id=108"},"modified":"2024-10-07T12:38:50","modified_gmt":"2024-10-07T12:38:50","slug":"kurullar","status":"publish","type":"page","link":"https:\/\/capagastro2025.org\/en\/kurullar\/","title":{"rendered":"Boards"},"content":{"rendered":"<p>[et_pb_section fb_built=&#8221;1&#8243; fullwidth=&#8221;on&#8221; _builder_version=&#8221;4.17.4&#8243; _module_preset=&#8221;default&#8221; global_colors_info=&#8221;{}&#8221;][et_pb_fullwidth_post_title meta=&#8221;off&#8221; featured_image=&#8221;off&#8221; _builder_version=&#8221;4.17.4&#8243; _module_preset=&#8221;default&#8221; title_font=&#8221;|700||on|||||&#8221; title_text_color=&#8221;#FFFFFF&#8221; background_color=&#8221;#da0b16&#8243; custom_padding=&#8221;150px||20px||false|false&#8221; global_colors_info=&#8221;{}&#8221;][\/et_pb_fullwidth_post_title][\/et_pb_section][et_pb_section fb_built=&#8221;1&#8243; _builder_version=&#8221;4.17.4&#8243; _module_preset=&#8221;default&#8221; custom_padding=&#8221;||||false|false&#8221; global_colors_info=&#8221;{}&#8221;][et_pb_row _builder_version=&#8221;4.17.4&#8243; _module_preset=&#8221;default&#8221; global_colors_info=&#8221;{}&#8221;][et_pb_column type=&#8221;4_4&#8243; _builder_version=&#8221;4.17.4&#8243; _module_preset=&#8221;default&#8221; global_colors_info=&#8221;{}&#8221;][et_pb_text _builder_version=&#8221;4.17.4&#8243; _module_preset=&#8221;default&#8221; hover_enabled=&#8221;0&#8243; global_colors_info=&#8221;{}&#8221; sticky_enabled=&#8221;0&#8243;]<\/p>\n<p><strong>Toplant\u0131 Ba\u015fkan\u0131<\/strong><br \/>Prof. Dr. Sabahattin Kaymako\u011flu<\/p>\n<p><strong>Toplant\u0131 D\u00fczenleme Kurulu<\/strong><br \/>Do\u00e7. Dr. Bilger \u00c7avu\u015f<br \/>Prof. Dr. Asl\u0131 \u00c7ifciba\u015f\u0131 \u00d6rmeci<br \/>Prof. Dr. Filiz Aky\u00fcz<br \/>Prof. Dr. Kadir Demir<br \/>Prof. Dr. Fatih Be\u015f\u0131\u015f\u0131k<\/p>\n<p>[\/et_pb_text][\/et_pb_column][\/et_pb_row][\/et_pb_section]<\/p>\n","protected":false},"excerpt":{"rendered":"<p>Toplant\u0131 Ba\u015fkan\u0131Prof. Dr. Sabahattin Kaymako\u011flu Toplant\u0131 D\u00fczenleme KuruluDo\u00e7. Dr. Bilger \u00c7avu\u015fProf. Dr. Asl\u0131 \u00c7ifciba\u015f\u0131 \u00d6rmeciProf. Dr. Filiz Aky\u00fczProf. Dr. Kadir DemirProf. Dr. Fatih Be\u015f\u0131\u015f\u0131k<\/p>","protected":false},"author":1,"featured_media":0,"parent":0,"menu_order":0,"comment_status":"closed","ping_status":"closed","template":"","meta":{"_et_pb_use_builder":"on","_et_pb_old_content":"","_et_gb_content_width":"","footnotes":""},"class_list":["post-108","page","type-page","status-publish","hentry"],"_links":{"self":[{"href":"https:\/\/capagastro2025.org\/en\/wp-json\/wp\/v2\/pages\/108","targetHints":{"allow":["GET"]}}],"collection":[{"href":"https:\/\/capagastro2025.org\/en\/wp-json\/wp\/v2\/pages"}],"about":[{"href":"https:\/\/capagastro2025.org\/en\/wp-json\/wp\/v2\/types\/page"}],"author":[{"embeddable":true,"href":"https:\/\/capagastro2025.org\/en\/wp-json\/wp\/v2\/users\/1"}],"replies":[{"embeddable":true,"href":"https:\/\/capagastro2025.org\/en\/wp-json\/wp\/v2\/comments?post=108"}],"version-history":[{"count":5,"href":"https:\/\/capagastro2025.org\/en\/wp-json\/wp\/v2\/pages\/108\/revisions"}],"predecessor-version":[{"id":156,"href":"https:\/\/capagastro2025.org\/en\/wp-json\/wp\/v2\/pages\/108\/revisions\/156"}],"wp:attachment":[{"href":"https:\/\/capagastro2025.org\/en\/wp-json\/wp\/v2\/media?parent=108"}],"curies":[{"name":"wp","href":"https:\/\/api.w.org\/{rel}","templated":true}]}}